{"id":670,"date":"2024-05-24T08:24:14","date_gmt":"2024-05-24T12:24:14","guid":{"rendered":"https:\/\/cdcvimont.swlauriersb.qc.ca\/sarca\/"},"modified":"2024-09-17T12:14:57","modified_gmt":"2024-09-17T16:14:57","slug":"sarca","status":"publish","type":"page","link":"https:\/\/cdcvimont-lachute.swlauriersb.qc.ca\/fr\/other-services-offered\/sarca\/","title":{"rendered":"SARCA"},"content":{"rendered":"\n<h2 class=\"wp-block-heading\">Renseignements, soutien et conseils<\/h2>\n\n\n\n<p>Chez CDC Laurier, nous mettons l\u2019accent sur la prestation de services d\u2019information professionnelle.<\/p>\n\n\n\n<p>Les services SARCA de la Commission scolaire Sir-Wilfrid-Laurier fournissent gratuitement des renseignements et de l\u2019assistance \u00e0 tous les adultes ayant des questions et des pr\u00e9occupations en lien avec le dipl\u00f4me d\u2019\u00e9tudes secondaires et la formation professionnelle. Les membres de notre personnel sont l\u00e0 pour vous aider \u00e0 d\u00e9marrer si vous \u00eates pr\u00eat et que vous souhaitez entreprendre des \u00e9tudes secondaires ou une formation professionnelle.<\/p>\n\n\n\n<p>Faisant partie des services d\u2019\u00e9ducation des adultes de la Commission scolaire Sir-Wilfrid-Laurier, les services SARCA sont toujours \u00e0 votre disposition pour vous aider \u00e0 atteindre vos objectifs et \u00e0 r\u00e9aliser vos projets \u00e9ducatifs et professionnels. M\u00eame si vous n\u2019avez pas de plan, nous pourrions vous offrir du soutien afin d\u2019en cr\u00e9er un avec vous.<\/p>\n\n\n\n<p>Communiquez avec nous par t\u00e9l\u00e9phone ou par courriel pour fixer la date de votre rencontre individuelle au CDC Vimont ou au CDC Lachute.<\/p>\n\n\n\n<div class=\"wp-block-columns is-layout-flex wp-container-core-columns-is-layout-1 wp-block-columns-is-layout-flex\">\n<div class=\"wp-block-column is-layout-flow wp-block-column-is-layout-flow\">\n<h4 class=\"wp-block-heading\"><strong>CDC VIMONT<\/strong><\/h4>\n\n\n\n<p>2100, boulevard des Laurentides<br>Laval (Qu\u00e9bec) H7M 2Y6<br>450.688.2933 \/ 1 877.688.2933<\/p>\n<\/div>\n\n\n\n<div class=\"wp-block-column is-layout-flow wp-block-column-is-layout-flow\">\n<h4 class=\"wp-block-heading\"><strong>CDC LACHUTE<\/strong><\/h4>\n\n\n\n<p>57, rue Harriet<br>Lachute (Qu\u00e9bec) J8H 4H6<br>450.562.3721<\/p>\n<\/div>\n<\/div>\n","protected":false},"excerpt":{"rendered":"<p>Renseignements, soutien et conseils Chez CDC Laurier, nous mettons l\u2019accent sur la prestation de services d\u2019information professionnelle. Les services SARCA de la Commission scolaire Sir-Wilfrid-Laurier fournissent gratuitement des renseignements et de l\u2019assistance \u00e0 tous les adultes ayant des questions et des pr\u00e9occupations en lien avec le dipl\u00f4me d\u2019\u00e9tudes secondaires et la formation professionnelle. Les membres&hellip;<\/p>\n","protected":false},"author":1,"featured_media":1313,"parent":677,"menu_order":0,"comment_status":"closed","ping_status":"closed","template":"","meta":{"_acf_changed":false,"_relevanssi_hide_post":"","_relevanssi_hide_content":"","_relevanssi_pin_for_all":"","_relevanssi_pin_keywords":"","_relevanssi_unpin_keywords":"","_relevanssi_related_keywords":"","_relevanssi_related_include_ids":"","_relevanssi_related_exclude_ids":"","_relevanssi_related_no_append":"","_relevanssi_related_not_related":"","_relevanssi_related_posts":"","_relevanssi_noindex_reason":"","footnotes":""},"acf":[],"_links":{"self":[{"href":"https:\/\/cdcvimont-lachute.swlauriersb.qc.ca\/fr\/wp-json\/wp\/v2\/pages\/670"}],"collection":[{"href":"https:\/\/cdcvimont-lachute.swlauriersb.qc.ca\/fr\/wp-json\/wp\/v2\/pages"}],"about":[{"href":"https:\/\/cdcvimont-lachute.swlauriersb.qc.ca\/fr\/wp-json\/wp\/v2\/types\/page"}],"author":[{"embeddable":true,"href":"https:\/\/cdcvimont-lachute.swlauriersb.qc.ca\/fr\/wp-json\/wp\/v2\/users\/1"}],"replies":[{"embeddable":true,"href":"https:\/\/cdcvimont-lachute.swlauriersb.qc.ca\/fr\/wp-json\/wp\/v2\/comments?post=670"}],"version-history":[{"count":7,"href":"https:\/\/cdcvimont-lachute.swlauriersb.qc.ca\/fr\/wp-json\/wp\/v2\/pages\/670\/revisions"}],"predecessor-version":[{"id":1428,"href":"https:\/\/cdcvimont-lachute.swlauriersb.qc.ca\/fr\/wp-json\/wp\/v2\/pages\/670\/revisions\/1428"}],"up":[{"embeddable":true,"href":"https:\/\/cdcvimont-lachute.swlauriersb.qc.ca\/fr\/wp-json\/wp\/v2\/pages\/677"}],"wp:featuredmedia":[{"embeddable":true,"href":"https:\/\/cdcvimont-lachute.swlauriersb.qc.ca\/fr\/wp-json\/wp\/v2\/media\/1313"}],"wp:attachment":[{"href":"https:\/\/cdcvimont-lachute.swlauriersb.qc.ca\/fr\/wp-json\/wp\/v2\/media?parent=670"}],"curies":[{"name":"wp","href":"https:\/\/api.w.org\/{rel}","templated":true}]}}