{"id":671,"date":"2024-05-24T08:23:13","date_gmt":"2024-05-24T12:23:13","guid":{"rendered":"https:\/\/cdcvimont.swlauriersb.qc.ca\/sset\/"},"modified":"2024-11-29T09:05:00","modified_gmt":"2024-11-29T14:05:00","slug":"sset","status":"publish","type":"page","link":"https:\/\/cdcvimont-lachute.swlauriersb.qc.ca\/fr\/other-services-offered\/sset\/","title":{"rendered":"Test d&#8217;\u00e9quivalence de niveau de scolarit\u00e9 (TENS)"},"content":{"rendered":"\n<p>Si vous n\u2019\u00eates pas titulaire d\u2019un dipl\u00f4me d\u2019\u00e9tudes secondaires (DES), le minist\u00e8re de l\u2019\u00e9ducation du Qu\u00e9bec (MEQ) vous permet d\u2019attester vos connaissances par la r\u00e9ussite du TENS et ainsi d\u2019obtenir <strong>l\u2019attestation d\u2019\u00e9quivalence de niveau de scolarit\u00e9<\/strong> (AENS). Cette attestation permet de mieux acc\u00e9der au march\u00e9 de l\u2019emploi ainsi qu\u2019\u00e0 la formation professionnelle.<\/p>\n\n\n\n<p>Les connaissances \u00e9valu\u00e9es sont organis\u00e9es en sept \u00e9preuves. Pour obtenir l\u2019AENS, un candidat doit r\u00e9ussir les \u00e9preuves d\u2019anglais et de fran\u00e7ais ainsi que deux autres \u00e9preuves choisies parmi les options offertes. Chaque test comprend 40 questions \u00e0 choix multiples et le seuil minimum de r\u00e9ussite est de 60&nbsp;% pour chaque test.<\/p>\n\n\n\n<div class=\"wp-block-columns is-layout-flex wp-container-core-columns-is-layout-1 wp-block-columns-is-layout-flex\">\n<div class=\"wp-block-column is-layout-flow wp-block-column-is-layout-flow\">\n<h4 class=\"wp-block-heading has-teal-500-color has-text-color has-link-color wp-elements-2eccf72912cf2edc5865553e7c7986cf\"><strong>Test obligatoires&nbsp;<\/strong><\/h4>\n<\/div>\n\n\n\n<div class=\"wp-block-column is-layout-flow wp-block-column-is-layout-flow\">\n<h4 class=\"wp-block-heading has-teal-600-color has-text-color has-link-color wp-elements-54aff19d1b169aade09423b3f51285d5\"><strong>Tests optionnels<\/strong><\/h4>\n<\/div>\n<\/div>\n\n\n\n<div class=\"wp-block-columns is-layout-flex wp-container-core-columns-is-layout-2 wp-block-columns-is-layout-flex\">\n<div class=\"wp-block-column is-layout-flow wp-block-column-is-layout-flow\">\n<ul>\n<li>Fran\u00e7ais grammaire &nbsp;&nbsp;&nbsp;&nbsp;&nbsp;&nbsp;&nbsp;&nbsp;&nbsp;&nbsp;&nbsp;&nbsp;&nbsp;&nbsp;&nbsp;&nbsp;&nbsp;&nbsp;&nbsp;&nbsp;&nbsp;&nbsp;&nbsp;&nbsp;&nbsp;&nbsp;&nbsp;&nbsp;&nbsp;&nbsp;&nbsp;&nbsp;&nbsp;&nbsp;&nbsp;&nbsp;&nbsp;&nbsp;&nbsp;&nbsp;&nbsp;&nbsp;&nbsp;&nbsp;&nbsp;&nbsp;&nbsp;&nbsp;&nbsp;&nbsp;&nbsp;&nbsp;&nbsp;&nbsp;&nbsp;&nbsp; &nbsp;&nbsp;<\/li>\n\n\n\n<li>Fran\u00e7ais, compr\u00e9hension \u00e9crite&nbsp;&nbsp;&nbsp;&nbsp;&nbsp;&nbsp;&nbsp;&nbsp; &nbsp;&nbsp;&nbsp;&nbsp;&nbsp;&nbsp;&nbsp;&nbsp;&nbsp;&nbsp;&nbsp;&nbsp;&nbsp;&nbsp;&nbsp;&nbsp;&nbsp; &nbsp;&nbsp;&nbsp;&nbsp;&nbsp;&nbsp;&nbsp;&nbsp;&nbsp;&nbsp;&nbsp;&nbsp;&nbsp;&nbsp;&nbsp;&nbsp;&nbsp;&nbsp;&nbsp;&nbsp;&nbsp;&nbsp;&nbsp;&nbsp;&nbsp;&nbsp;&nbsp;&nbsp;&nbsp;&nbsp;&nbsp;&nbsp; &nbsp;&nbsp;&nbsp;&nbsp;&nbsp;&nbsp;&nbsp;&nbsp;&nbsp;&nbsp;<\/li>\n<\/ul>\n<\/div>\n\n\n\n<div class=\"wp-block-column is-layout-flow wp-block-column-is-layout-flow\">\n<ul>\n<li>Anglais langue seconde&nbsp;&nbsp;&nbsp;&nbsp;&nbsp;&nbsp;&nbsp;&nbsp;&nbsp;&nbsp;&nbsp;&nbsp;&nbsp;&nbsp;&nbsp;&nbsp;&nbsp;&nbsp;&nbsp;&nbsp;&nbsp;&nbsp;&nbsp;&nbsp;&nbsp;&nbsp;&nbsp;&nbsp;&nbsp;&nbsp;&nbsp;<\/li>\n\n\n\n<li>Math\u00e9matiques<\/li>\n\n\n\n<li>Sciences \u00e9conomiques\u00a0\u00a0\u00a0\u00a0\u00a0\u00a0\u00a0\u00a0\u00a0\u00a0\u00a0\u00a0\u00a0\u00a0\u00a0\u00a0\u00a0\u00a0\u00a0\u00a0\u00a0\u00a0\u00a0\u00a0\u00a0\u00a0\u00a0\u00a0\u00a0\u00a0\u00a0\u00a0<\/li>\n\n\n\n<li>Sciences de la nature&nbsp;&nbsp;&nbsp;&nbsp;&nbsp;&nbsp;&nbsp;&nbsp;&nbsp;&nbsp;&nbsp;&nbsp;&nbsp;&nbsp;&nbsp;&nbsp;&nbsp;&nbsp;&nbsp;&nbsp;&nbsp;&nbsp;&nbsp;&nbsp;&nbsp;&nbsp;&nbsp;&nbsp;&nbsp;&nbsp;&nbsp;&nbsp;&nbsp;&nbsp;&nbsp;&nbsp;&nbsp;&nbsp;&nbsp;&nbsp;&nbsp;&nbsp;&nbsp;&nbsp;&nbsp;&nbsp;&nbsp;&nbsp;&nbsp;&nbsp;&nbsp;&nbsp;&nbsp;&nbsp;&nbsp;&nbsp;&nbsp;&nbsp;&nbsp;&nbsp;&nbsp;&nbsp;&nbsp;&nbsp;&nbsp;&nbsp;&nbsp;&nbsp;<\/li>\n<\/ul>\n<\/div>\n<\/div>\n\n\n\n<div class=\"block-accordions-group theme-block theme-block--innerblock aligndefault\">\n    <span class=\"theme-block__label\">Accord\u00e9ons<\/span>\n  \n    \n<div class=\"block-accordion  theme-block theme-block--innerblock aligndefault\">\n    <span class=\"theme-block__label\">Accord\u00e9on<\/span>\n    <h3 class=\"block-accordion__title\">Informations suppl\u00e9mentaires<\/h3>\n    \n\n<p>Vous devez nous appeler pour prendre un rendez-vous :<\/p>\n\n\n\n<p><strong>CDC Vimont (Laval)<\/strong><br>450 688.2933 \/ 1 877 688.2933<\/p>\n\n\n\n<p><strong>CDC Lachute (Laurentides)<br><\/strong>450 562.3721<\/p>\n\n\n\n<p>Des frais administratifs de 50 $ seront factur\u00e9s \u00e0 tous les candidats qui souhaitent passer un test.<\/p>\n\n\n\n<p>Des frais suppl\u00e9mentaires de 10 $ seront factur\u00e9s pour une r\u00e9\u00e9criture, le cas \u00e9ch\u00e9ant.<\/p>\n\n\n\n<p>Vous devez apporter <strong>TOUS <\/strong>les documents <strong>ORIGINAUX <\/strong>au Centre pour \u00eatre officiellement inscrit au test.<\/p>\n\n\n<\/div>\n\n                    \n\n\n<\/div>\n\n\n\n<div class=\"wp-block-buttons is-layout-flex wp-block-buttons-is-layout-flex\">\n<div class=\"wp-block-button\"><a class=\"wp-block-button__link has-background-red-background-color has-background wp-element-button\" href=\"https:\/\/cdcvimont.swlauriersb.qc.ca\/fr\/admission\/\">Documents requis<i class=\"icon-arrow-left\"><\/i><\/a><\/div>\n<\/div>\n","protected":false},"excerpt":{"rendered":"<p>Si vous n\u2019\u00eates pas titulaire d\u2019un dipl\u00f4me d\u2019\u00e9tudes secondaires (DES), le minist\u00e8re de l\u2019\u00e9ducation du Qu\u00e9bec (MEQ) vous permet d\u2019attester vos connaissances par la r\u00e9ussite du TENS et ainsi d\u2019obtenir l\u2019attestation d\u2019\u00e9quivalence de niveau de scolarit\u00e9 (AENS). Cette attestation permet de mieux acc\u00e9der au march\u00e9 de l\u2019emploi ainsi qu\u2019\u00e0 la formation professionnelle. Les connaissances \u00e9valu\u00e9es&hellip;<\/p>\n","protected":false},"author":1,"featured_media":1594,"parent":677,"menu_order":0,"comment_status":"closed","ping_status":"closed","template":"","meta":{"_acf_changed":false,"_relevanssi_hide_post":"","_relevanssi_hide_content":"","_relevanssi_pin_for_all":"","_relevanssi_pin_keywords":"","_relevanssi_unpin_keywords":"","_relevanssi_related_keywords":"","_relevanssi_related_include_ids":"","_relevanssi_related_exclude_ids":"","_relevanssi_related_no_append":"","_relevanssi_related_not_related":"","_relevanssi_related_posts":"","_relevanssi_noindex_reason":"","footnotes":""},"acf":[],"_links":{"self":[{"href":"https:\/\/cdcvimont-lachute.swlauriersb.qc.ca\/fr\/wp-json\/wp\/v2\/pages\/671"}],"collection":[{"href":"https:\/\/cdcvimont-lachute.swlauriersb.qc.ca\/fr\/wp-json\/wp\/v2\/pages"}],"about":[{"href":"https:\/\/cdcvimont-lachute.swlauriersb.qc.ca\/fr\/wp-json\/wp\/v2\/types\/page"}],"author":[{"embeddable":true,"href":"https:\/\/cdcvimont-lachute.swlauriersb.qc.ca\/fr\/wp-json\/wp\/v2\/users\/1"}],"replies":[{"embeddable":true,"href":"https:\/\/cdcvimont-lachute.swlauriersb.qc.ca\/fr\/wp-json\/wp\/v2\/comments?post=671"}],"version-history":[{"count":8,"href":"https:\/\/cdcvimont-lachute.swlauriersb.qc.ca\/fr\/wp-json\/wp\/v2\/pages\/671\/revisions"}],"predecessor-version":[{"id":1657,"href":"https:\/\/cdcvimont-lachute.swlauriersb.qc.ca\/fr\/wp-json\/wp\/v2\/pages\/671\/revisions\/1657"}],"up":[{"embeddable":true,"href":"https:\/\/cdcvimont-lachute.swlauriersb.qc.ca\/fr\/wp-json\/wp\/v2\/pages\/677"}],"wp:featuredmedia":[{"embeddable":true,"href":"https:\/\/cdcvimont-lachute.swlauriersb.qc.ca\/fr\/wp-json\/wp\/v2\/media\/1594"}],"wp:attachment":[{"href":"https:\/\/cdcvimont-lachute.swlauriersb.qc.ca\/fr\/wp-json\/wp\/v2\/media?parent=671"}],"curies":[{"name":"wp","href":"https:\/\/api.w.org\/{rel}","templated":true}]}}