{"id":672,"date":"2024-05-24T08:22:55","date_gmt":"2024-05-24T12:22:55","guid":{"rendered":"https:\/\/cdcvimont.swlauriersb.qc.ca\/gdt\/"},"modified":"2024-12-16T09:45:42","modified_gmt":"2024-12-16T14:45:42","slug":"gdt","status":"publish","type":"page","link":"https:\/\/cdcvimont-lachute.swlauriersb.qc.ca\/fr\/other-services-offered\/gdt\/","title":{"rendered":"Test de d\u00e9veloppement g\u00e9n\u00e9ral (TDG)"},"content":{"rendered":"\n<p>Le Test de d\u00e9veloppement g\u00e9n\u00e9ral (TDG) est destin\u00e9 aux \u00e9tudiants qui souhaitent s\u2019inscrire \u00e0 un programme de formation professionnelle. Vous devez avoir 16 ans ou plus pour \u00eatre admis au TDG et 18 ans au moment de l\u2019admission dans le programme de formation professionnelle choisi.<\/p>\n\n\n\n<p>Le TDG \u00e9value la capacit\u00e9 de&nbsp;:<\/p>\n\n\n\n<ul>\n<li>traiter les renseignements<\/li>\n\n\n\n<li>communiquer par \u00e9crit<\/li>\n\n\n\n<li>r\u00e9soudre les probl\u00e8mes<\/li>\n\n\n\n<li>comprendre les concepts<\/li>\n<\/ul>\n\n\n\n<p>L\u2019examen comprend les cinq parties suivantes, qui seront administr\u00e9es dans l\u2019ordre indiqu\u00e9 ci-dessous. Le temps allou\u00e9 pour l\u2019examen est de trois heures et la note minimale de passage est de 43&nbsp;%.<\/p>\n\n\n\n<ul>\n<li>Raisonnement m\u00e9canique<\/li>\n\n\n\n<li>Sciences<\/li>\n\n\n\n<li>Math\u00e9matiques<\/li>\n\n\n\n<li>Compr\u00e9hension de l\u2019anglais<\/li>\n\n\n\n<li>Grammaire anglaise<\/li>\n<\/ul>\n\n\n\n<div class=\"block-accordions-group theme-block theme-block--innerblock aligndefault\">\n    <span class=\"theme-block__label\">Accord\u00e9ons<\/span>\n  \n    \n<div class=\"block-accordion  theme-block theme-block--innerblock aligndefault\">\n    <span class=\"theme-block__label\">Accord\u00e9on<\/span>\n    <h3 class=\"block-accordion__title\">Informations suppl\u00e9mentaires<\/h3>\n    \n\n<p>Vous devez nous appeler pour prendre un rendez-vous :<\/p>\n\n\n\n<p><strong>CDC Vimont (Laval)<\/strong><br>450 688.2933 \/ 1 877 688.2933<\/p>\n\n\n\n<p><strong>CDC Lachute (Laurentides)<br><\/strong>450 562.3721<\/p>\n\n\n\n<p>Des frais administratifs de 50 $ seront factur\u00e9s \u00e0 tous les candidats qui souhaitent passer un test.<\/p>\n\n\n\n<p>Vous devez apporter <strong>TOUS <\/strong>les documents <strong>ORIGINAUX <\/strong>au Centre pour \u00eatre officiellement inscrit au test.<\/p>\n\n\n<\/div>\n\n                    \n\n\n<\/div>\n\n\n\n<div class=\"wp-block-buttons is-layout-flex wp-block-buttons-is-layout-flex\">\n<div class=\"wp-block-button\"><a class=\"wp-block-button__link has-background-red-background-color has-background wp-element-button\" href=\"https:\/\/cdcvimont.swlauriersb.qc.ca\/fr\/admission\/\">Documents requis<i class=\"icon-arrow-left\"><\/i><\/a><\/div>\n<\/div>\n","protected":false},"excerpt":{"rendered":"<p>Le Test de d\u00e9veloppement g\u00e9n\u00e9ral (TDG) est destin\u00e9 aux \u00e9tudiants qui souhaitent s\u2019inscrire \u00e0 un programme de formation professionnelle. Vous devez avoir 16 ans ou plus pour \u00eatre admis au TDG et 18 ans au moment de l\u2019admission dans le programme de formation professionnelle choisi. Le TDG \u00e9value la capacit\u00e9 de&nbsp;: L\u2019examen comprend les cinq&hellip;<\/p>\n","protected":false},"author":1,"featured_media":848,"parent":677,"menu_order":0,"comment_status":"closed","ping_status":"closed","template":"","meta":{"_acf_changed":false,"_relevanssi_hide_post":"","_relevanssi_hide_content":"","_relevanssi_pin_for_all":"","_relevanssi_pin_keywords":"","_relevanssi_unpin_keywords":"","_relevanssi_related_keywords":"","_relevanssi_related_include_ids":"","_relevanssi_related_exclude_ids":"","_relevanssi_related_no_append":"","_relevanssi_related_not_related":"","_relevanssi_related_posts":"","_relevanssi_noindex_reason":"","footnotes":""},"acf":[],"_links":{"self":[{"href":"https:\/\/cdcvimont-lachute.swlauriersb.qc.ca\/fr\/wp-json\/wp\/v2\/pages\/672"}],"collection":[{"href":"https:\/\/cdcvimont-lachute.swlauriersb.qc.ca\/fr\/wp-json\/wp\/v2\/pages"}],"about":[{"href":"https:\/\/cdcvimont-lachute.swlauriersb.qc.ca\/fr\/wp-json\/wp\/v2\/types\/page"}],"author":[{"embeddable":true,"href":"https:\/\/cdcvimont-lachute.swlauriersb.qc.ca\/fr\/wp-json\/wp\/v2\/users\/1"}],"replies":[{"embeddable":true,"href":"https:\/\/cdcvimont-lachute.swlauriersb.qc.ca\/fr\/wp-json\/wp\/v2\/comments?post=672"}],"version-history":[{"count":7,"href":"https:\/\/cdcvimont-lachute.swlauriersb.qc.ca\/fr\/wp-json\/wp\/v2\/pages\/672\/revisions"}],"predecessor-version":[{"id":1677,"href":"https:\/\/cdcvimont-lachute.swlauriersb.qc.ca\/fr\/wp-json\/wp\/v2\/pages\/672\/revisions\/1677"}],"up":[{"embeddable":true,"href":"https:\/\/cdcvimont-lachute.swlauriersb.qc.ca\/fr\/wp-json\/wp\/v2\/pages\/677"}],"wp:featuredmedia":[{"embeddable":true,"href":"https:\/\/cdcvimont-lachute.swlauriersb.qc.ca\/fr\/wp-json\/wp\/v2\/media\/848"}],"wp:attachment":[{"href":"https:\/\/cdcvimont-lachute.swlauriersb.qc.ca\/fr\/wp-json\/wp\/v2\/media?parent=672"}],"curies":[{"name":"wp","href":"https:\/\/api.w.org\/{rel}","templated":true}]}}