{"id":675,"date":"2024-05-24T08:21:44","date_gmt":"2024-05-24T12:21:44","guid":{"rendered":"https:\/\/cdcvimont.swlauriersb.qc.ca\/ressources\/"},"modified":"2024-09-30T11:53:15","modified_gmt":"2024-09-30T15:53:15","slug":"ressources","status":"publish","type":"page","link":"https:\/\/cdcvimont-lachute.swlauriersb.qc.ca\/fr\/ressources\/","title":{"rendered":"Ressources"},"content":{"rendered":"\n<p><\/p>\n\n\n\n<p><\/p>\n\n\n\n<div class=\"wp-block-columns is-layout-flex wp-container-core-columns-is-layout-1 wp-block-columns-is-layout-flex\">\n<div class=\"wp-block-column is-layout-flow wp-block-column-is-layout-flow\"><\/div>\n<\/div>\n\n\n\n<div class=\"wp-block-columns is-layout-flex wp-container-core-columns-is-layout-2 wp-block-columns-is-layout-flex\">\n<div class=\"wp-block-column is-layout-flow wp-block-column-is-layout-flow\">\n<figure class=\"wp-block-image alignleft size-large is-resized\"><a href=\"http:\/\/distanceeducation-etsb.com\/\" target=\"_blank\" rel=\"noopener\"><img loading=\"lazy\" decoding=\"async\" width=\"1024\" height=\"681\" src=\"https:\/\/cdcvimont.swlauriersb.qc.ca\/wp-content\/uploads\/sites\/44\/2024\/07\/ad-ed-1411118213-1-3-1024x681.jpg\" alt=\"\" class=\"wp-image-1201\" style=\"width:299px;height:auto\" srcset=\"https:\/\/cdcvimont-lachute.swlauriersb.qc.ca\/wp-content\/uploads\/sites\/44\/2024\/07\/ad-ed-1411118213-1-3-1024x681.jpg 1024w, https:\/\/cdcvimont-lachute.swlauriersb.qc.ca\/wp-content\/uploads\/sites\/44\/2024\/07\/ad-ed-1411118213-1-3-300x200.jpg 300w, https:\/\/cdcvimont-lachute.swlauriersb.qc.ca\/wp-content\/uploads\/sites\/44\/2024\/07\/ad-ed-1411118213-1-3-768x511.jpg 768w, https:\/\/cdcvimont-lachute.swlauriersb.qc.ca\/wp-content\/uploads\/sites\/44\/2024\/07\/ad-ed-1411118213-1-3-1536x1022.jpg 1536w, https:\/\/cdcvimont-lachute.swlauriersb.qc.ca\/wp-content\/uploads\/sites\/44\/2024\/07\/ad-ed-1411118213-1-3-2048x1363.jpg 2048w\" sizes=\"(max-width: 1024px) 100vw, 1024px\" \/><\/a><figcaption class=\"wp-element-caption\">Formation \u00e0 distance<\/figcaption><\/figure>\n<\/div>\n\n\n\n<div class=\"wp-block-column is-layout-flow wp-block-column-is-layout-flow\">\n<figure class=\"wp-block-image alignleft size-full is-resized is-style-default\"><a href=\"https:\/\/www.education.gouv.qc.ca\/accueil\" target=\"_blank\" rel=\"noopener\"><img decoding=\"async\" src=\"https:\/\/cdcvimont.swlauriersb.qc.ca\/wp-content\/uploads\/sites\/44\/2024\/06\/customer-service-1331493599.jpg\" alt=\"\" class=\"wp-image-849\" style=\"width:295px;height:auto\" \/><\/a><figcaption class=\"wp-element-caption\">minist\u00e8re de l&#8217;\u00e9ducation du qu\u00e9bec  (meq)<\/figcaption><\/figure>\n<\/div>\n\n\n\n<div class=\"wp-block-column is-layout-flow wp-block-column-is-layout-flow\">\n<figure class=\"wp-block-image alignleft size-large is-resized\"><a href=\"https:\/\/cdc-pont-viau.swlauriersb.vortexdev.com\/fr\/\" target=\"_blank\" rel=\"noopener\"><img loading=\"lazy\" decoding=\"async\" width=\"1024\" height=\"616\" src=\"https:\/\/cdcvimont.swlauriersb.qc.ca\/wp-content\/uploads\/sites\/44\/2024\/07\/accounting-1473508665-1024x616.jpg\" alt=\"\" class=\"wp-image-1205\" style=\"width:329px;height:auto\" srcset=\"https:\/\/cdcvimont-lachute.swlauriersb.qc.ca\/wp-content\/uploads\/sites\/44\/2024\/07\/accounting-1473508665-1024x616.jpg 1024w, https:\/\/cdcvimont-lachute.swlauriersb.qc.ca\/wp-content\/uploads\/sites\/44\/2024\/07\/accounting-1473508665-300x180.jpg 300w, https:\/\/cdcvimont-lachute.swlauriersb.qc.ca\/wp-content\/uploads\/sites\/44\/2024\/07\/accounting-1473508665-768x462.jpg 768w, https:\/\/cdcvimont-lachute.swlauriersb.qc.ca\/wp-content\/uploads\/sites\/44\/2024\/07\/accounting-1473508665-1536x923.jpg 1536w, https:\/\/cdcvimont-lachute.swlauriersb.qc.ca\/wp-content\/uploads\/sites\/44\/2024\/07\/accounting-1473508665-2048x1231.jpg 2048w\" sizes=\"(max-width: 1024px) 100vw, 1024px\" \/><\/a><figcaption class=\"wp-element-caption\">cdc pont-viau &#8211; formation professionnelle<\/figcaption><\/figure>\n<\/div>\n<\/div>\n","protected":false},"excerpt":{"rendered":"","protected":false},"author":1,"featured_media":870,"parent":0,"menu_order":0,"comment_status":"closed","ping_status":"closed","template":"","meta":{"_acf_changed":false,"_relevanssi_hide_post":"","_relevanssi_hide_content":"","_relevanssi_pin_for_all":"","_relevanssi_pin_keywords":"","_relevanssi_unpin_keywords":"","_relevanssi_related_keywords":"","_relevanssi_related_include_ids":"","_relevanssi_related_exclude_ids":"","_relevanssi_related_no_append":"","_relevanssi_related_not_related":"","_relevanssi_related_posts":"","_relevanssi_noindex_reason":"","footnotes":""},"acf":[],"_links":{"self":[{"href":"https:\/\/cdcvimont-lachute.swlauriersb.qc.ca\/fr\/wp-json\/wp\/v2\/pages\/675"}],"collection":[{"href":"https:\/\/cdcvimont-lachute.swlauriersb.qc.ca\/fr\/wp-json\/wp\/v2\/pages"}],"about":[{"href":"https:\/\/cdcvimont-lachute.swlauriersb.qc.ca\/fr\/wp-json\/wp\/v2\/types\/page"}],"author":[{"embeddable":true,"href":"https:\/\/cdcvimont-lachute.swlauriersb.qc.ca\/fr\/wp-json\/wp\/v2\/users\/1"}],"replies":[{"embeddable":true,"href":"https:\/\/cdcvimont-lachute.swlauriersb.qc.ca\/fr\/wp-json\/wp\/v2\/comments?post=675"}],"version-history":[{"count":8,"href":"https:\/\/cdcvimont-lachute.swlauriersb.qc.ca\/fr\/wp-json\/wp\/v2\/pages\/675\/revisions"}],"predecessor-version":[{"id":1525,"href":"https:\/\/cdcvimont-lachute.swlauriersb.qc.ca\/fr\/wp-json\/wp\/v2\/pages\/675\/revisions\/1525"}],"wp:featuredmedia":[{"embeddable":true,"href":"https:\/\/cdcvimont-lachute.swlauriersb.qc.ca\/fr\/wp-json\/wp\/v2\/media\/870"}],"wp:attachment":[{"href":"https:\/\/cdcvimont-lachute.swlauriersb.qc.ca\/fr\/wp-json\/wp\/v2\/media?parent=675"}],"curies":[{"name":"wp","href":"https:\/\/api.w.org\/{rel}","templated":true}]}}