{"id":677,"date":"2024-05-23T16:31:30","date_gmt":"2024-05-23T20:31:30","guid":{"rendered":"https:\/\/cdcvimont.swlauriersb.qc.ca\/other-services-offered\/"},"modified":"2024-09-17T11:59:39","modified_gmt":"2024-09-17T15:59:39","slug":"other-services-offered","status":"publish","type":"page","link":"https:\/\/cdcvimont-lachute.swlauriersb.qc.ca\/fr\/other-services-offered\/","title":{"rendered":"Autres services offerts"},"content":{"rendered":"\n<p>Nous proposons les services suivants \u00e0 tous les adultes \u00e2g\u00e9s de 16 ans et plus :<\/p>\n\n\n\n<ul>\n<li><a href=\"https:\/\/cdcvimont.swlauriersb.qc.ca\/fr\/other-services-offered\/sarca\/\">SARCA\u00a0<\/a><em>(Services d\u2019Accueil, de R\u00e9f\u00e9rence, de Conseil et d\u2019Accompagnement)<\/em><\/li>\n\n\n\n<li>Conseils et orientation<\/li>\n\n\n\n<li>Examens pour la formation \u00e0 distance<\/li>\n\n\n\n<li><a href=\"https:\/\/cdcvimont.swlauriersb.qc.ca\/fr\/other-services-offered\/gdt\/\">Test de d\u00e9veloppement g\u00e9n\u00e9ral (TDG)<\/a><\/li>\n\n\n\n<li><a href=\"https:\/\/cdcvimont.swlauriersb.qc.ca\/fr\/other-services-offered\/sset\/\">Test d&#8217;\u00e9quivalence de niveau secondaire (TENS)<\/a><\/li>\n\n\n\n<li>Attestation des pr\u00e9alables CCQ<\/li>\n<\/ul>\n\n\n\n<p>Pour plus de d\u00e9tails, veuillez communiquer avec nous<\/p>\n\n\n\n<div class=\"wp-block-buttons is-layout-flex wp-block-buttons-is-layout-flex\">\n<div class=\"wp-block-button\"><a class=\"wp-block-button__link has-teal-300-background-color has-background wp-element-button\" href=\"https:\/\/cdcvimont.swlauriersb.qc.ca\/fr\/contact\/\">Nous joindre!<i class=\"icon-arrow-left\"><\/i><\/a><\/div>\n<\/div>\n","protected":false},"excerpt":{"rendered":"<p>Nous proposons les services suivants \u00e0 tous les adultes \u00e2g\u00e9s de 16 ans et plus : Pour plus de d\u00e9tails, veuillez communiquer avec nous<\/p>\n","protected":false},"author":1,"featured_media":864,"parent":0,"menu_order":0,"comment_status":"closed","ping_status":"closed","template":"","meta":{"_acf_changed":false,"_relevanssi_hide_post":"","_relevanssi_hide_content":"","_relevanssi_pin_for_all":"","_relevanssi_pin_keywords":"","_relevanssi_unpin_keywords":"","_relevanssi_related_keywords":"","_relevanssi_related_include_ids":"","_relevanssi_related_exclude_ids":"","_relevanssi_related_no_append":"","_relevanssi_related_not_related":"","_relevanssi_related_posts":"","_relevanssi_noindex_reason":"","footnotes":""},"acf":[],"_links":{"self":[{"href":"https:\/\/cdcvimont-lachute.swlauriersb.qc.ca\/fr\/wp-json\/wp\/v2\/pages\/677"}],"collection":[{"href":"https:\/\/cdcvimont-lachute.swlauriersb.qc.ca\/fr\/wp-json\/wp\/v2\/pages"}],"about":[{"href":"https:\/\/cdcvimont-lachute.swlauriersb.qc.ca\/fr\/wp-json\/wp\/v2\/types\/page"}],"author":[{"embeddable":true,"href":"https:\/\/cdcvimont-lachute.swlauriersb.qc.ca\/fr\/wp-json\/wp\/v2\/users\/1"}],"replies":[{"embeddable":true,"href":"https:\/\/cdcvimont-lachute.swlauriersb.qc.ca\/fr\/wp-json\/wp\/v2\/comments?post=677"}],"version-history":[{"count":7,"href":"https:\/\/cdcvimont-lachute.swlauriersb.qc.ca\/fr\/wp-json\/wp\/v2\/pages\/677\/revisions"}],"predecessor-version":[{"id":1422,"href":"https:\/\/cdcvimont-lachute.swlauriersb.qc.ca\/fr\/wp-json\/wp\/v2\/pages\/677\/revisions\/1422"}],"wp:featuredmedia":[{"embeddable":true,"href":"https:\/\/cdcvimont-lachute.swlauriersb.qc.ca\/fr\/wp-json\/wp\/v2\/media\/864"}],"wp:attachment":[{"href":"https:\/\/cdcvimont-lachute.swlauriersb.qc.ca\/fr\/wp-json\/wp\/v2\/media?parent=677"}],"curies":[{"name":"wp","href":"https:\/\/api.w.org\/{rel}","templated":true}]}}