{"id":683,"date":"2024-05-23T16:26:33","date_gmt":"2024-05-23T20:26:33","guid":{"rendered":"https:\/\/cdcvimont.swlauriersb.qc.ca\/message-from-staff\/"},"modified":"2026-04-01T14:35:54","modified_gmt":"2026-04-01T18:35:54","slug":"message-from-staff","status":"publish","type":"page","link":"https:\/\/cdcvimont-lachute.swlauriersb.qc.ca\/fr\/about-us\/message-from-staff\/","title":{"rendered":"Conseil d&#8217;\u00e9tablissement"},"content":{"rendered":"\n<p>Le conseil d\u2019\u00e9tablissement d\u2019une \u00e9cole ou d\u2019un centre est un organe \u00e9tabli conform\u00e9ment \u00e0 la loi sur l\u2019\u00e9ducation. Il est compos\u00e9 d\u2019\u00e9l\u00e8ves, d\u2019enseignants, de repr\u00e9sentants des professionnels non enseignants et du personnel de soutien, ainsi que de repr\u00e9sentants de la communaut\u00e9. Toutes les d\u00e9cisions prises par le conseil d\u2019\u00e9tablissement doivent \u00eatre dans l\u2019int\u00e9r\u00eat de l\u2019\u00e9cole ou du centre, des \u00e9l\u00e8ves, du personnel de l\u2019\u00e9cole et de la communaut\u00e9. Tous les membres du comit\u00e9 travaillent en partenariat pour s\u2019assurer que chaque \u00e9l\u00e8ve b\u00e9n\u00e9ficie des meilleures opportunit\u00e9s d\u2019apprentissage possibles.<\/p>\n\n\n\n<h3 class=\"wp-block-heading\"><strong>Proc\u00e8s-verbal du conseil de d\u2019\u00e9tablissement<\/strong><\/h3>\n\n\n\n<div class=\"wp-block-buttons is-layout-flex wp-block-buttons-is-layout-flex\">\n<div class=\"wp-block-button\"><a class=\"wp-block-button__link has-teal-500-background-color has-background wp-element-button\" href=\"https:\/\/cdcvimont.swlauriersb.qc.ca\/wp-content\/uploads\/sites\/44\/2025\/11\/CA_Proces-Verbal_2025-10-06.pdf\">06 octobre 2025<i class=\"icon-arrow-left\"><\/i><\/a><\/div>\n\n\n\n<div class=\"wp-block-button\"><a class=\"wp-block-button__link has-teal-500-background-color has-background wp-element-button\" href=\"https:\/\/cdcvimont.swlauriersb.qc.ca\/wp-content\/uploads\/sites\/44\/2026\/01\/CA_Proces-Verbal_2025-12-03.pdf\">03 d\u00e9cembre 2025<i class=\"icon-arrow-left\"><\/i><\/a><\/div>\n\n\n\n<div class=\"wp-block-button\"><a class=\"wp-block-button__link has-teal-500-background-color has-background wp-element-button\" href=\"https:\/\/cdcvimont.swlauriersb.qc.ca\/wp-content\/uploads\/sites\/44\/2026\/04\/CA_Proces-Verbal_2025-01-21-1.pdf\">21 janvier 2026<i class=\"icon-arrow-left\"><\/i><\/a><\/div>\n<\/div>\n","protected":false},"excerpt":{"rendered":"<p>Le conseil d\u2019\u00e9tablissement d\u2019une \u00e9cole ou d\u2019un centre est un organe \u00e9tabli conform\u00e9ment \u00e0 la loi sur l\u2019\u00e9ducation. Il est compos\u00e9 d\u2019\u00e9l\u00e8ves, d\u2019enseignants, de repr\u00e9sentants des professionnels non enseignants et du personnel de soutien, ainsi que de repr\u00e9sentants de la communaut\u00e9. Toutes les d\u00e9cisions prises par le conseil d\u2019\u00e9tablissement doivent \u00eatre dans l\u2019int\u00e9r\u00eat de l\u2019\u00e9cole&hellip;<\/p>\n","protected":false},"author":1,"featured_media":1600,"parent":685,"menu_order":0,"comment_status":"closed","ping_status":"closed","template":"","meta":{"_acf_changed":false,"_relevanssi_hide_post":"","_relevanssi_hide_content":"","_relevanssi_pin_for_all":"","_relevanssi_pin_keywords":"","_relevanssi_unpin_keywords":"","_relevanssi_related_keywords":"","_relevanssi_related_include_ids":"","_relevanssi_related_exclude_ids":"","_relevanssi_related_no_append":"","_relevanssi_related_not_related":"","_relevanssi_related_posts":"1861,1807","_relevanssi_noindex_reason":"","footnotes":""},"acf":[],"_links":{"self":[{"href":"https:\/\/cdcvimont-lachute.swlauriersb.qc.ca\/fr\/wp-json\/wp\/v2\/pages\/683"}],"collection":[{"href":"https:\/\/cdcvimont-lachute.swlauriersb.qc.ca\/fr\/wp-json\/wp\/v2\/pages"}],"about":[{"href":"https:\/\/cdcvimont-lachute.swlauriersb.qc.ca\/fr\/wp-json\/wp\/v2\/types\/page"}],"author":[{"embeddable":true,"href":"https:\/\/cdcvimont-lachute.swlauriersb.qc.ca\/fr\/wp-json\/wp\/v2\/users\/1"}],"replies":[{"embeddable":true,"href":"https:\/\/cdcvimont-lachute.swlauriersb.qc.ca\/fr\/wp-json\/wp\/v2\/comments?post=683"}],"version-history":[{"count":8,"href":"https:\/\/cdcvimont-lachute.swlauriersb.qc.ca\/fr\/wp-json\/wp\/v2\/pages\/683\/revisions"}],"predecessor-version":[{"id":1971,"href":"https:\/\/cdcvimont-lachute.swlauriersb.qc.ca\/fr\/wp-json\/wp\/v2\/pages\/683\/revisions\/1971"}],"up":[{"embeddable":true,"href":"https:\/\/cdcvimont-lachute.swlauriersb.qc.ca\/fr\/wp-json\/wp\/v2\/pages\/685"}],"wp:featuredmedia":[{"embeddable":true,"href":"https:\/\/cdcvimont-lachute.swlauriersb.qc.ca\/fr\/wp-json\/wp\/v2\/media\/1600"}],"wp:attachment":[{"href":"https:\/\/cdcvimont-lachute.swlauriersb.qc.ca\/fr\/wp-json\/wp\/v2\/media?parent=683"}],"curies":[{"name":"wp","href":"https:\/\/api.w.org\/{rel}","templated":true}]}}