{"id":684,"date":"2024-05-23T16:26:05","date_gmt":"2024-05-23T20:26:05","guid":{"rendered":"https:\/\/cdcvimont.swlauriersb.qc.ca\/mission-vision\/"},"modified":"2024-09-17T11:09:46","modified_gmt":"2024-09-17T15:09:46","slug":"mission-vision","status":"publish","type":"page","link":"https:\/\/cdcvimont-lachute.swlauriersb.qc.ca\/fr\/about-us\/mission-vision\/","title":{"rendered":"Mission \/ Vision"},"content":{"rendered":"\n<p>Au CDC Laurier, notre mission est de veiller \u00e0 ce que tous les apprenants adultes r\u00e9ussissent dans un environnement favorable, respectueux et inclusif. Nos valeurs de pers\u00e9v\u00e9rance, de respect, d\u2019int\u00e9grit\u00e9, de collaboration et d\u2019\u00e9quit\u00e9 se refl\u00e8tent dans notre vision. Gr\u00e2ce \u00e0 notre engagement en faveur de l\u2019apprentissage tout au long de la vie, nous allons\u00a0:<\/p>\n\n\n\n<ul>\n<li>offrir une approche holistique de l\u2019apprentissage et de l\u2019enseignement afin de r\u00e9pondre \u00e0 tous les besoins des apprenants adultes;<\/li>\n\n\n\n<li>cr\u00e9er un environnement chaleureux et accueillant o\u00f9 les apprenants sont respect\u00e9s et valoris\u00e9s;<\/li>\n\n\n\n<li>encourager tous les apprenants \u00e0 devenir des citoyens actifs dans notre soci\u00e9t\u00e9;<\/li>\n\n\n\n<li>cr\u00e9er un sentiment d\u2019appartenance en encourageant des activit\u00e9s qui favorisent la sant\u00e9 et le bien-\u00eatre des \u00e9l\u00e8ves<\/li>\n<\/ul>\n","protected":false},"excerpt":{"rendered":"<p>Au CDC Laurier, notre mission est de veiller \u00e0 ce que tous les apprenants adultes r\u00e9ussissent dans un environnement favorable, respectueux et inclusif. Nos valeurs de pers\u00e9v\u00e9rance, de respect, d\u2019int\u00e9grit\u00e9, de collaboration et d\u2019\u00e9quit\u00e9 se refl\u00e8tent dans notre vision. Gr\u00e2ce \u00e0 notre engagement en faveur de l\u2019apprentissage tout au long de la vie, nous allons\u00a0:<\/p>\n","protected":false},"author":1,"featured_media":1597,"parent":685,"menu_order":0,"comment_status":"closed","ping_status":"closed","template":"","meta":{"_acf_changed":false,"_relevanssi_hide_post":"","_relevanssi_hide_content":"","_relevanssi_pin_for_all":"","_relevanssi_pin_keywords":"","_relevanssi_unpin_keywords":"","_relevanssi_related_keywords":"","_relevanssi_related_include_ids":"","_relevanssi_related_exclude_ids":"","_relevanssi_related_no_append":"","_relevanssi_related_not_related":"","_relevanssi_related_posts":"","_relevanssi_noindex_reason":"","footnotes":""},"acf":[],"_links":{"self":[{"href":"https:\/\/cdcvimont-lachute.swlauriersb.qc.ca\/fr\/wp-json\/wp\/v2\/pages\/684"}],"collection":[{"href":"https:\/\/cdcvimont-lachute.swlauriersb.qc.ca\/fr\/wp-json\/wp\/v2\/pages"}],"about":[{"href":"https:\/\/cdcvimont-lachute.swlauriersb.qc.ca\/fr\/wp-json\/wp\/v2\/types\/page"}],"author":[{"embeddable":true,"href":"https:\/\/cdcvimont-lachute.swlauriersb.qc.ca\/fr\/wp-json\/wp\/v2\/users\/1"}],"replies":[{"embeddable":true,"href":"https:\/\/cdcvimont-lachute.swlauriersb.qc.ca\/fr\/wp-json\/wp\/v2\/comments?post=684"}],"version-history":[{"count":3,"href":"https:\/\/cdcvimont-lachute.swlauriersb.qc.ca\/fr\/wp-json\/wp\/v2\/pages\/684\/revisions"}],"predecessor-version":[{"id":1405,"href":"https:\/\/cdcvimont-lachute.swlauriersb.qc.ca\/fr\/wp-json\/wp\/v2\/pages\/684\/revisions\/1405"}],"up":[{"embeddable":true,"href":"https:\/\/cdcvimont-lachute.swlauriersb.qc.ca\/fr\/wp-json\/wp\/v2\/pages\/685"}],"wp:featuredmedia":[{"embeddable":true,"href":"https:\/\/cdcvimont-lachute.swlauriersb.qc.ca\/fr\/wp-json\/wp\/v2\/media\/1597"}],"wp:attachment":[{"href":"https:\/\/cdcvimont-lachute.swlauriersb.qc.ca\/fr\/wp-json\/wp\/v2\/media?parent=684"}],"curies":[{"name":"wp","href":"https:\/\/api.w.org\/{rel}","templated":true}]}}