{"id":685,"date":"2024-05-23T16:25:37","date_gmt":"2024-05-23T20:25:37","guid":{"rendered":"https:\/\/cdcvimont.swlauriersb.qc.ca\/about-us\/"},"modified":"2025-12-16T11:14:39","modified_gmt":"2025-12-16T16:14:39","slug":"about-us","status":"publish","type":"page","link":"https:\/\/cdcvimont-lachute.swlauriersb.qc.ca\/fr\/about-us\/","title":{"rendered":"\u00c0 propos de nous"},"content":{"rendered":"\n<h2 class=\"wp-block-heading\">Ouvrez de nouvelles possibilit\u00e9s avec CDC Laurier, votre voie vers un avenir meilleur ! <\/h2>\n\n\n\n<p>Nos centres d&#8217;\u00e9ducation des adultes situ\u00e9s \u00e0 Laval et dans les Laurentides offrent des cours flexibles et stimulants con\u00e7us pour vous aider \u00e0 atteindre vos objectifs \u00e0 votre rythme. Que vous cherchiez \u00e0 faire progresser votre carri\u00e8re, \u00e0 vous pr\u00e9parer pour le C\u00c9GEP ou \u00e0 atteindre un objectif personnel, nous sommes l\u00e0 pour vous aider \u00e0 chaque \u00e9tape du processus. Avec des cours du soir et en ligne, des instructeurs exp\u00e9riment\u00e9s et une communaut\u00e9 qui croit aux secondes chances, il n&#8217;y a jamais eu de meilleur moment pour investir en vous-m\u00eame. Vos objectifs sont \u00e0 port\u00e9e de main &#8211; appelez-nous d\u00e8s aujourd&#8217;hui !<\/p>\n\n\n\n<h2 class=\"wp-block-heading\">Ce que nous offrons:<\/h2>\n\n\n\n<div class=\"wp-block-media-text is-stacked-on-mobile\"><figure class=\"wp-block-media-text__media\"><img loading=\"lazy\" decoding=\"async\" width=\"1024\" height=\"889\" src=\"https:\/\/cdcvimont.swlauriersb.qc.ca\/wp-content\/uploads\/sites\/44\/2024\/09\/20240702_102219-1024x889.jpg\" alt=\"\" class=\"wp-image-1365 size-full\" srcset=\"https:\/\/cdcvimont-lachute.swlauriersb.qc.ca\/wp-content\/uploads\/sites\/44\/2024\/09\/20240702_102219-1024x889.jpg 1024w, https:\/\/cdcvimont-lachute.swlauriersb.qc.ca\/wp-content\/uploads\/sites\/44\/2024\/09\/20240702_102219-300x260.jpg 300w, https:\/\/cdcvimont-lachute.swlauriersb.qc.ca\/wp-content\/uploads\/sites\/44\/2024\/09\/20240702_102219-768x666.jpg 768w, https:\/\/cdcvimont-lachute.swlauriersb.qc.ca\/wp-content\/uploads\/sites\/44\/2024\/09\/20240702_102219-1536x1333.jpg 1536w, https:\/\/cdcvimont-lachute.swlauriersb.qc.ca\/wp-content\/uploads\/sites\/44\/2024\/09\/20240702_102219-2048x1777.jpg 2048w\" sizes=\"(max-width: 1024px) 100vw, 1024px\" \/><\/figure><div class=\"wp-block-media-text__content\">\n<p><strong>CDC Vimont:<\/strong><\/p>\n\n\n\n<p class=\"has-medium-font-size\">\u2022 Cours menant \u00e0 l&#8217;obtention de votre dipl\u00f4me d&#8217;\u00e9tudes secondaires (DES)<br>\u2022 Pr\u00e9alables pour la formation professionnelle<br>\u2022 \u00c9tudes postsecondaires pour le C\u00c9GEP<br>\u2022 Cours de francisation pour faciliter votre int\u00e9gration \u00e0 la soci\u00e9t\u00e9 qu\u00e9b\u00e9coise<br>\u2022 Cours d\u2019anglais de base de niveau d\u00e9butant \u00e0 interm\u00e9diaire <br>\u2022 Service de participation sociale (PS) pour les adultes ayant des besoins particuliers<\/p>\n\n\n\n<p>2100, boulevard des Laurentides<br>Vimont, Laval (Qu\u00e9bec) H7M 2R5<br>450.688.2933 \/ 1 877.688.2933<\/p>\n<\/div><\/div>\n\n\n\n<div class=\"wp-block-media-text is-stacked-on-mobile\"><figure class=\"wp-block-media-text__media\"><img loading=\"lazy\" decoding=\"async\" width=\"1024\" height=\"612\" src=\"https:\/\/cdcvimont.swlauriersb.qc.ca\/wp-content\/uploads\/sites\/44\/2024\/09\/Lachute-1024x612.jpg\" alt=\"\" class=\"wp-image-1359 size-full\" srcset=\"https:\/\/cdcvimont-lachute.swlauriersb.qc.ca\/wp-content\/uploads\/sites\/44\/2024\/09\/Lachute-1024x612.jpg 1024w, https:\/\/cdcvimont-lachute.swlauriersb.qc.ca\/wp-content\/uploads\/sites\/44\/2024\/09\/Lachute-300x179.jpg 300w, https:\/\/cdcvimont-lachute.swlauriersb.qc.ca\/wp-content\/uploads\/sites\/44\/2024\/09\/Lachute-768x459.jpg 768w, https:\/\/cdcvimont-lachute.swlauriersb.qc.ca\/wp-content\/uploads\/sites\/44\/2024\/09\/Lachute-1536x918.jpg 1536w, https:\/\/cdcvimont-lachute.swlauriersb.qc.ca\/wp-content\/uploads\/sites\/44\/2024\/09\/Lachute.jpg 1920w\" sizes=\"(max-width: 1024px) 100vw, 1024px\" \/><\/figure><div class=\"wp-block-media-text__content\">\n<p><strong>CDC Lachute:<\/strong><\/p>\n\n\n\n<p>\u2022 Cours menant \u00e0 l&#8217;obtention de votre dipl\u00f4me d&#8217;\u00e9tudes secondaires (DES)<br>\u2022 Pr\u00e9alables pour la formation professionnelle<br>\u2022 \u00c9tudes postsecondaires pour le C\u00c9GEP<br>\u2022 Cours de francisation pour faciliter votre int\u00e9gration \u00e0 la soci\u00e9t\u00e9 qu\u00e9b\u00e9coise<br>\u2022 Cours d\u2019anglais de base de niveau d\u00e9butant \u00e0 interm\u00e9diaire <\/p>\n\n\n\n<p>57, rue Harriet<br>Lachute (Qu\u00e9bec) J8H 4H6<br>450.562.3721<\/p>\n<\/div><\/div>\n","protected":false},"excerpt":{"rendered":"<p>Ouvrez de nouvelles possibilit\u00e9s avec CDC Laurier, votre voie vers un avenir meilleur ! Nos centres d&#8217;\u00e9ducation des adultes situ\u00e9s \u00e0 Laval et dans les Laurentides offrent des cours flexibles et stimulants con\u00e7us pour vous aider \u00e0 atteindre vos objectifs \u00e0 votre rythme. Que vous cherchiez \u00e0 faire progresser votre carri\u00e8re, \u00e0 vous pr\u00e9parer pour&hellip;<\/p>\n","protected":false},"author":1,"featured_media":1659,"parent":0,"menu_order":0,"comment_status":"closed","ping_status":"closed","template":"","meta":{"_acf_changed":false,"_relevanssi_hide_post":"","_relevanssi_hide_content":"","_relevanssi_pin_for_all":"","_relevanssi_pin_keywords":"","_relevanssi_unpin_keywords":"","_relevanssi_related_keywords":"","_relevanssi_related_include_ids":"","_relevanssi_related_exclude_ids":"","_relevanssi_related_no_append":"","_relevanssi_related_not_related":"","_relevanssi_related_posts":"1807","_relevanssi_noindex_reason":"","footnotes":""},"acf":[],"_links":{"self":[{"href":"https:\/\/cdcvimont-lachute.swlauriersb.qc.ca\/fr\/wp-json\/wp\/v2\/pages\/685"}],"collection":[{"href":"https:\/\/cdcvimont-lachute.swlauriersb.qc.ca\/fr\/wp-json\/wp\/v2\/pages"}],"about":[{"href":"https:\/\/cdcvimont-lachute.swlauriersb.qc.ca\/fr\/wp-json\/wp\/v2\/types\/page"}],"author":[{"embeddable":true,"href":"https:\/\/cdcvimont-lachute.swlauriersb.qc.ca\/fr\/wp-json\/wp\/v2\/users\/1"}],"replies":[{"embeddable":true,"href":"https:\/\/cdcvimont-lachute.swlauriersb.qc.ca\/fr\/wp-json\/wp\/v2\/comments?post=685"}],"version-history":[{"count":8,"href":"https:\/\/cdcvimont-lachute.swlauriersb.qc.ca\/fr\/wp-json\/wp\/v2\/pages\/685\/revisions"}],"predecessor-version":[{"id":1949,"href":"https:\/\/cdcvimont-lachute.swlauriersb.qc.ca\/fr\/wp-json\/wp\/v2\/pages\/685\/revisions\/1949"}],"wp:featuredmedia":[{"embeddable":true,"href":"https:\/\/cdcvimont-lachute.swlauriersb.qc.ca\/fr\/wp-json\/wp\/v2\/media\/1659"}],"wp:attachment":[{"href":"https:\/\/cdcvimont-lachute.swlauriersb.qc.ca\/fr\/wp-json\/wp\/v2\/media?parent=685"}],"curies":[{"name":"wp","href":"https:\/\/api.w.org\/{rel}","templated":true}]}}